{"id":14,"date":"2020-02-12T08:23:25","date_gmt":"2020-02-12T07:23:25","guid":{"rendered":"https:\/\/www.setgmbh.com\/?page_id=14"},"modified":"2022-05-10T17:33:22","modified_gmt":"2022-05-10T15:33:22","slug":"unternehmen","status":"publish","type":"page","link":"https:\/\/www.setgmbh.com\/en\/unternehmen\/","title":{"rendered":"Company"},"content":{"rendered":"<div data-elementor-type=\"wp-page\" data-elementor-id=\"14\" class=\"elementor elementor-14\" data-elementor-post-type=\"page\">\n\t\t\t\t\t\t<section class=\"elementor-section elementor-top-section elementor-element elementor-element-779c39f elementor-section-boxed elementor-section-height-default elementor-section-height-default\" data-id=\"779c39f\" data-element_type=\"section\">\n\t\t\t\t\t\t<div class=\"elementor-container elementor-column-gap-default\">\n\t\t\t\t\t<div class=\"elementor-column elementor-col-100 elementor-top-column elementor-element elementor-element-bfedab0\" data-id=\"bfedab0\" data-element_type=\"column\">\n\t\t\t<div class=\"elementor-widget-wrap elementor-element-populated\">\n\t\t\t\t\t\t<div class=\"elementor-element elementor-element-b519eaf elementor-widget elementor-widget-text-editor\" data-id=\"b519eaf\" data-element_type=\"widget\" data-widget_type=\"text-editor.default\">\n\t\t\t\t<div class=\"elementor-widget-container\">\n\t\t\t\t\t\t\t\t\t<h1 class=\"align-center\">Our company<\/h1><h2 class=\"align-center\">S-E-T Sachsenring Elektrotechnik GmbH<\/h2><p style=\"margin: 0 auto;\">In addition to our office and storage rooms, our business premises also include generously equipped workshop areas, where we can as well carry out our own installations for you, such as switch cabinet construction or smaller machine overhauls \/ machine conversions, depending on the order. A well-designed and dimensioned warehouse enables us to provide you with the component or spare part you need at short notice and reliably.<\/p><p style=\"margin: 0 auto;\">\u00a0<\/p><p style=\"margin: 0 auto;\" class=\"translation-block\">Our friendly team is specialized in the technical requirements of plants in the <strong>food and beverage industry<\/strong> as well as in the fields of <strong>logistics<\/strong> (e.g. high-bay warehouses), conveyor systems and equipment for the automotive industry.<\/p><p style=\"margin: 0 auto;\">\u00a0<\/p><p>25 competent and well-trained employees with many years of industry experience are available for your projects. In cooperation with our professionally certified partner companies, we can also flexibly implement projects of a larger scope for you.<\/p><p><span style=\"font-size: 1.8rem;\">At the service of our customers we work where you need us. So far you could meet our employees in Sweden, New Zealand, China, Czech Republic, Canada, Romania, Australia, Austria, Ireland, Poland, the Netherlands, Georgia, Angola, Russia, France, Jordan, Finland, USA, Kazakhstan, Slovenia and even in Germany.<\/span><\/p><p><span style=\"font-size: 1.8rem;\">We are happy to prove our expertise.<\/span><\/p>\t\t\t\t\t\t\t\t<\/div>\n\t\t\t\t<\/div>\n\t\t\t\t<div class=\"elementor-element elementor-element-4ae1ce8 elementor-align-center elementor-widget elementor-widget-button\" data-id=\"4ae1ce8\" data-element_type=\"widget\" data-widget_type=\"button.default\">\n\t\t\t\t<div class=\"elementor-widget-container\">\n\t\t\t\t\t\t\t\t\t<div class=\"elementor-button-wrapper\">\n\t\t\t\t\t<a class=\"elementor-button elementor-button-link elementor-size-sm\" href=\"https:\/\/www.setgmbh.com\/en\/kontakt\/\">\n\t\t\t\t\t\t<span class=\"elementor-button-content-wrapper\">\n\t\t\t\t\t\t\t\t\t<span class=\"elementor-button-text\">Contact us<\/span>\n\t\t\t\t\t<\/span>\n\t\t\t\t\t<\/a>\n\t\t\t\t<\/div>\n\t\t\t\t\t\t\t\t<\/div>\n\t\t\t\t<\/div>\n\t\t\t\t\t<\/div>\n\t\t<\/div>\n\t\t\t\t\t<\/div>\n\t\t<\/section>\n\t\t\t\t<section class=\"elementor-section elementor-top-section elementor-element elementor-element-72e1691 elementor-section-stretched elementor-section-full_width elementor-section-height-default elementor-section-height-default\" data-id=\"72e1691\" data-element_type=\"section\" data-settings=\"{&quot;stretch_section&quot;:&quot;section-stretched&quot;,&quot;background_background&quot;:&quot;classic&quot;}\">\n\t\t\t\t\t\t<div class=\"elementor-container elementor-column-gap-no\">\n\t\t\t\t\t<div class=\"elementor-column elementor-col-100 elementor-top-column elementor-element elementor-element-5d938ce\" data-id=\"5d938ce\" data-element_type=\"column\">\n\t\t\t<div class=\"elementor-widget-wrap elementor-element-populated\">\n\t\t\t\t\t\t<div class=\"elementor-element elementor-element-d1e33ff elementor-widget elementor-widget-image-gallery\" data-id=\"d1e33ff\" data-element_type=\"widget\" data-widget_type=\"image-gallery.default\">\n\t\t\t\t<div class=\"elementor-widget-container\">\n\t\t\t\t\t\t\t<div class=\"elementor-image-gallery\">\n\t\t\t<div id='gallery-1' class='gallery galleryid-14 gallery-columns-6 gallery-size-thumbnail'><figure class='gallery-item'>\n\t\t\t<div class='gallery-icon portrait'>\n\t\t\t\t<a data-elementor-open-lightbox=\"yes\" data-elementor-lightbox-slideshow=\"d1e33ff\" data-elementor-lightbox-title=\"20200629_090647\" data-e-action-hash=\"#elementor-action%3Aaction%3Dlightbox%26settings%3DeyJpZCI6MjEyLCJ1cmwiOiJodHRwczpcL1wvd3d3LnNldGdtYmguY29tXC93cC1jb250ZW50XC91cGxvYWRzXC8yMDIwXC8xMVwvMjAyMDA2MjlfMDkwNjQ3LmpwZyIsInNsaWRlc2hvdyI6ImQxZTMzZmYifQ%3D%3D\" href='https:\/\/www.setgmbh.com\/wp-content\/uploads\/2020\/11\/20200629_090647.jpg'><img fetchpriority=\"high\" decoding=\"async\" width=\"360\" height=\"360\" src=\"https:\/\/www.setgmbh.com\/wp-content\/uploads\/2020\/11\/20200629_090647-360x360.jpg\" class=\"attachment-thumbnail size-thumbnail\" alt=\"industrielle Kabeltrassen-Installation in einer Produktions- oder Fertigungshalle\" \/><\/a>\n\t\t\t<\/div><\/figure><figure class='gallery-item'>\n\t\t\t<div class='gallery-icon portrait'>\n\t\t\t\t<a data-elementor-open-lightbox=\"yes\" data-elementor-lightbox-slideshow=\"d1e33ff\" data-elementor-lightbox-title=\"20200629_090807\" data-e-action-hash=\"#elementor-action%3Aaction%3Dlightbox%26settings%3DeyJpZCI6MjEzLCJ1cmwiOiJodHRwczpcL1wvd3d3LnNldGdtYmguY29tXC93cC1jb250ZW50XC91cGxvYWRzXC8yMDIwXC8xMVwvMjAyMDA2MjlfMDkwODA3LmpwZyIsInNsaWRlc2hvdyI6ImQxZTMzZmYifQ%3D%3D\" href='https:\/\/www.setgmbh.com\/wp-content\/uploads\/2020\/11\/20200629_090807.jpg'><img decoding=\"async\" width=\"360\" height=\"360\" src=\"https:\/\/www.setgmbh.com\/wp-content\/uploads\/2020\/11\/20200629_090807-360x360.jpg\" class=\"attachment-thumbnail size-thumbnail\" alt=\"industrielle Kabeltrassen-Installation in einer Produktions- oder Fertigungshalle\" \/><\/a>\n\t\t\t<\/div><\/figure><figure class='gallery-item'>\n\t\t\t<div class='gallery-icon landscape'>\n\t\t\t\t<a data-elementor-open-lightbox=\"yes\" data-elementor-lightbox-slideshow=\"d1e33ff\" data-elementor-lightbox-title=\"20200630_180658\" data-e-action-hash=\"#elementor-action%3Aaction%3Dlightbox%26settings%3DeyJpZCI6MjE0LCJ1cmwiOiJodHRwczpcL1wvd3d3LnNldGdtYmguY29tXC93cC1jb250ZW50XC91cGxvYWRzXC8yMDIwXC8xMVwvMjAyMDA2MzBfMTgwNjU4LmpwZyIsInNsaWRlc2hvdyI6ImQxZTMzZmYifQ%3D%3D\" href='https:\/\/www.setgmbh.com\/wp-content\/uploads\/2020\/11\/20200630_180658.jpg'><img decoding=\"async\" width=\"360\" height=\"360\" src=\"https:\/\/www.setgmbh.com\/wp-content\/uploads\/2020\/11\/20200630_180658-360x360.jpg\" class=\"attachment-thumbnail size-thumbnail\" alt=\"Produktionshalle mit Kabelkan\u00e4len f\u00fcr eine professionelle Elekltroinstallation\" \/><\/a>\n\t\t\t<\/div><\/figure><figure class='gallery-item'>\n\t\t\t<div class='gallery-icon landscape'>\n\t\t\t\t<a data-elementor-open-lightbox=\"yes\" data-elementor-lightbox-slideshow=\"d1e33ff\" data-elementor-lightbox-title=\"20200630_181021\" data-e-action-hash=\"#elementor-action%3Aaction%3Dlightbox%26settings%3DeyJpZCI6MjE1LCJ1cmwiOiJodHRwczpcL1wvd3d3LnNldGdtYmguY29tXC93cC1jb250ZW50XC91cGxvYWRzXC8yMDIwXC8xMVwvMjAyMDA2MzBfMTgxMDIxLmpwZyIsInNsaWRlc2hvdyI6ImQxZTMzZmYifQ%3D%3D\" href='https:\/\/www.setgmbh.com\/wp-content\/uploads\/2020\/11\/20200630_181021.jpg'><img loading=\"lazy\" decoding=\"async\" width=\"360\" height=\"360\" src=\"https:\/\/www.setgmbh.com\/wp-content\/uploads\/2020\/11\/20200630_181021-360x360.jpg\" class=\"attachment-thumbnail size-thumbnail\" alt=\"\" \/><\/a>\n\t\t\t<\/div><\/figure><figure class='gallery-item'>\n\t\t\t<div class='gallery-icon landscape'>\n\t\t\t\t<a data-elementor-open-lightbox=\"yes\" data-elementor-lightbox-slideshow=\"d1e33ff\" data-elementor-lightbox-title=\"20191103_083132\" data-e-action-hash=\"#elementor-action%3Aaction%3Dlightbox%26settings%3DeyJpZCI6MjExLCJ1cmwiOiJodHRwczpcL1wvd3d3LnNldGdtYmguY29tXC93cC1jb250ZW50XC91cGxvYWRzXC8yMDIwXC8xMVwvMjAxOTExMDNfMDgzMTMyLmpwZyIsInNsaWRlc2hvdyI6ImQxZTMzZmYifQ%3D%3D\" href='https:\/\/www.setgmbh.com\/wp-content\/uploads\/2020\/11\/20191103_083132.jpg'><img loading=\"lazy\" decoding=\"async\" width=\"360\" height=\"360\" src=\"https:\/\/www.setgmbh.com\/wp-content\/uploads\/2020\/11\/20191103_083132-360x360.jpg\" class=\"attachment-thumbnail size-thumbnail\" alt=\"industrielle Kabeltrassen-Installation in einer Produktions- oder Fertigungshalle\" \/><\/a>\n\t\t\t<\/div><\/figure><figure class='gallery-item'>\n\t\t\t<div class='gallery-icon portrait'>\n\t\t\t\t<a data-elementor-open-lightbox=\"yes\" data-elementor-lightbox-slideshow=\"d1e33ff\" data-elementor-lightbox-title=\"20190129_161005\" data-e-action-hash=\"#elementor-action%3Aaction%3Dlightbox%26settings%3DeyJpZCI6MjA4LCJ1cmwiOiJodHRwczpcL1wvd3d3LnNldGdtYmguY29tXC93cC1jb250ZW50XC91cGxvYWRzXC8yMDIwXC8xMVwvMjAxOTAxMjlfMTYxMDA1LmpwZyIsInNsaWRlc2hvdyI6ImQxZTMzZmYifQ%3D%3D\" href='https:\/\/www.setgmbh.com\/wp-content\/uploads\/2020\/11\/20190129_161005.jpg'><img loading=\"lazy\" decoding=\"async\" width=\"360\" height=\"360\" src=\"https:\/\/www.setgmbh.com\/wp-content\/uploads\/2020\/11\/20190129_161005-360x360.jpg\" class=\"attachment-thumbnail size-thumbnail\" alt=\"\" \/><\/a>\n\t\t\t<\/div><\/figure>\n\t\t<\/div>\n\t\t<\/div>\n\t\t\t\t\t\t<\/div>\n\t\t\t\t<\/div>\n\t\t\t\t\t<\/div>\n\t\t<\/div>\n\t\t\t\t\t<\/div>\n\t\t<\/section>\n\t\t\t\t<\/div>","protected":false},"excerpt":{"rendered":"<p>Unser Unternehmen S-E-T Sachsenring Elektrotechnik GmbH In unseren Gesch\u00e4ftsr\u00e4umen befinden sich neben unseren B\u00fcro- und Lagerr\u00e4umen auch gro\u00dfz\u00fcgig ausgestattete Werkstattfl\u00e4chen, in denen wir auftragsbezogen auch Eigeninstallationen wie z.B. Schaltschrankbau oder kleinere Maschinen\u00fcberholungen \/ Maschinenumbauten f\u00fcr Sie realisieren. Ein gut konzipiertes und dimensioniertes Lager erm\u00f6glicht es uns, kurzfristig und zuverl\u00e4ssig das von Ihnen ben\u00f6tigte Bau- oder [&hellip;]<\/p>","protected":false},"author":1,"featured_media":0,"parent":0,"menu_order":0,"comment_status":"closed","ping_status":"closed","template":"","meta":{"_acf_changed":false,"footnotes":""},"class_list":["post-14","page","type-page","status-publish","hentry"],"acf":[],"_links":{"self":[{"href":"https:\/\/www.setgmbh.com\/en\/wp-json\/wp\/v2\/pages\/14","targetHints":{"allow":["GET"]}}],"collection":[{"href":"https:\/\/www.setgmbh.com\/en\/wp-json\/wp\/v2\/pages"}],"about":[{"href":"https:\/\/www.setgmbh.com\/en\/wp-json\/wp\/v2\/types\/page"}],"author":[{"embeddable":true,"href":"https:\/\/www.setgmbh.com\/en\/wp-json\/wp\/v2\/users\/1"}],"replies":[{"embeddable":true,"href":"https:\/\/www.setgmbh.com\/en\/wp-json\/wp\/v2\/comments?post=14"}],"version-history":[{"count":5,"href":"https:\/\/www.setgmbh.com\/en\/wp-json\/wp\/v2\/pages\/14\/revisions"}],"predecessor-version":[{"id":366,"href":"https:\/\/www.setgmbh.com\/en\/wp-json\/wp\/v2\/pages\/14\/revisions\/366"}],"wp:attachment":[{"href":"https:\/\/www.setgmbh.com\/en\/wp-json\/wp\/v2\/media?parent=14"}],"curies":[{"name":"wp","href":"https:\/\/api.w.org\/{rel}","templated":true}]}}