{"id":12,"date":"2020-02-12T08:23:12","date_gmt":"2020-02-12T07:23:12","guid":{"rendered":"https:\/\/www.setgmbh.com\/?page_id=12"},"modified":"2025-01-31T16:05:58","modified_gmt":"2025-01-31T15:05:58","slug":"kabelfuehrungssyteme","status":"publish","type":"page","link":"https:\/\/www.setgmbh.com\/en\/kabelfuehrungssyteme\/","title":{"rendered":"Cable management systems"},"content":{"rendered":"<div data-elementor-type=\"wp-page\" data-elementor-id=\"12\" class=\"elementor elementor-12\" data-elementor-post-type=\"page\">\n\t\t\t\t\t\t<section class=\"elementor-section elementor-top-section elementor-element elementor-element-eb8e863 elementor-section-boxed elementor-section-height-default elementor-section-height-default\" data-id=\"eb8e863\" data-element_type=\"section\">\n\t\t\t\t\t\t<div class=\"elementor-container elementor-column-gap-default\">\n\t\t\t\t\t<div class=\"elementor-column elementor-col-100 elementor-top-column elementor-element elementor-element-086bafc\" data-id=\"086bafc\" data-element_type=\"column\">\n\t\t\t<div class=\"elementor-widget-wrap elementor-element-populated\">\n\t\t\t\t\t\t<div class=\"elementor-element elementor-element-52ea236 elementor-widget elementor-widget-text-editor\" data-id=\"52ea236\" data-element_type=\"widget\" data-widget_type=\"text-editor.default\">\n\t\t\t\t<div class=\"elementor-widget-container\">\n\t\t\t\t\t\t\t\t\t<h1 class=\"align-center\">CABLE MANAGEMENT SYSTEMS<\/h1><h2 class=\"align-center\">OUR SERVICES<\/h2><p style=\"margin: 0 auto;\" class=\"translation-block\">We obtain our cable ducts and various accessories in stainless steel from our partner company Freto GmbH. You can buy our assortment directly online on <a href=\"http:\/\/www.edel-stahl24.de\" target=\"_blank\" rel=\"noopener\">www.edel-stahl24.de<\/a>.<\/p><p style=\"margin: 0 auto;\">Ben\u00f6tigen Sie ein <strong>Angebot<\/strong>, haben R\u00fcckfragen, ein Anliegen oder besondere W\u00fcnsche wie beispielsweise die Herstellung speziell angefertigter Teile, dann wenden Sie sich gern pers\u00f6nlich an uns.<\/p><p>Nutzen Sie daf\u00fcr unser hier aufgef\u00fchrtes Kontaktformular oder rufen Sie direkt vor Ort unter folgender Telefonnummer an <strong>+49 (0)3723 6769420<\/strong>. Wir bearbeiten sodann Ihre Anfrage umgehend.<\/p>\t\t\t\t\t\t\t\t<\/div>\n\t\t\t\t<\/div>\n\t\t\t\t<div class=\"elementor-element elementor-element-d32c111 elementor-align-center elementor-widget elementor-widget-button\" data-id=\"d32c111\" data-element_type=\"widget\" data-widget_type=\"button.default\">\n\t\t\t\t<div class=\"elementor-widget-container\">\n\t\t\t\t\t\t\t\t\t<div class=\"elementor-button-wrapper\">\n\t\t\t\t\t<a class=\"elementor-button elementor-button-link elementor-size-sm\" href=\"https:\/\/www.edel-stahl24.de\/Kabelfuehrungsystem\" target=\"_blank\" rel=\"noopener\">\n\t\t\t\t\t\t<span class=\"elementor-button-content-wrapper\">\n\t\t\t\t\t\t\t\t\t<span class=\"elementor-button-text\">Visit Online Shop Edel-Stahl24<\/span>\n\t\t\t\t\t<\/span>\n\t\t\t\t\t<\/a>\n\t\t\t\t<\/div>\n\t\t\t\t\t\t\t\t<\/div>\n\t\t\t\t<\/div>\n\t\t\t\t<div class=\"elementor-element elementor-element-d423b9e elementor-align-center elementor-widget elementor-widget-button\" data-id=\"d423b9e\" data-element_type=\"widget\" data-widget_type=\"button.default\">\n\t\t\t\t<div class=\"elementor-widget-container\">\n\t\t\t\t\t\t\t\t\t<div class=\"elementor-button-wrapper\">\n\t\t\t\t\t<a class=\"elementor-button elementor-button-link elementor-size-sm\" href=\"https:\/\/www.edel-stahl24.de\/Edelstahl-Kabelkanal-Kabelfuehrungssystem-pdf\" target=\"_blank\" rel=\"noopener\">\n\t\t\t\t\t\t<span class=\"elementor-button-content-wrapper\">\n\t\t\t\t\t\t\t\t\t<span class=\"elementor-button-text\">View Catalogue<\/span>\n\t\t\t\t\t<\/span>\n\t\t\t\t\t<\/a>\n\t\t\t\t<\/div>\n\t\t\t\t\t\t\t\t<\/div>\n\t\t\t\t<\/div>\n\t\t\t\t\t<\/div>\n\t\t<\/div>\n\t\t\t\t\t<\/div>\n\t\t<\/section>\n\t\t\t\t<\/div>","protected":false},"excerpt":{"rendered":"<p>Kabelf\u00fchrungssysteme Unsere Leistungen Unsere Leitungsf\u00fchrungskan\u00e4le und verschiedenes Zubeh\u00f6r in Edelstahl, beziehen wir \u00fcber unsere Partnerfirma Freto GmbH. Sie k\u00f6nnen unser Sortiment direkt auf www.edel-stahl24.de online einkaufen. Ben\u00f6tigen Sie ein Angebot, haben R\u00fcckfragen, ein Anliegen oder besondere W\u00fcnsche wie beispielsweise die Herstellung speziell angefertigter Teile, dann wenden Sie sich gern pers\u00f6nlich an uns. Nutzen Sie daf\u00fcr [&hellip;]<\/p>","protected":false},"author":1,"featured_media":0,"parent":0,"menu_order":0,"comment_status":"closed","ping_status":"closed","template":"","meta":{"_acf_changed":false,"footnotes":""},"class_list":["post-12","page","type-page","status-publish","hentry"],"acf":[],"_links":{"self":[{"href":"https:\/\/www.setgmbh.com\/en\/wp-json\/wp\/v2\/pages\/12","targetHints":{"allow":["GET"]}}],"collection":[{"href":"https:\/\/www.setgmbh.com\/en\/wp-json\/wp\/v2\/pages"}],"about":[{"href":"https:\/\/www.setgmbh.com\/en\/wp-json\/wp\/v2\/types\/page"}],"author":[{"embeddable":true,"href":"https:\/\/www.setgmbh.com\/en\/wp-json\/wp\/v2\/users\/1"}],"replies":[{"embeddable":true,"href":"https:\/\/www.setgmbh.com\/en\/wp-json\/wp\/v2\/comments?post=12"}],"version-history":[{"count":5,"href":"https:\/\/www.setgmbh.com\/en\/wp-json\/wp\/v2\/pages\/12\/revisions"}],"predecessor-version":[{"id":355,"href":"https:\/\/www.setgmbh.com\/en\/wp-json\/wp\/v2\/pages\/12\/revisions\/355"}],"wp:attachment":[{"href":"https:\/\/www.setgmbh.com\/en\/wp-json\/wp\/v2\/media?parent=12"}],"curies":[{"name":"wp","href":"https:\/\/api.w.org\/{rel}","templated":true}]}}