{"id":10,"date":"2020-02-12T08:22:54","date_gmt":"2020-02-12T07:22:54","guid":{"rendered":"https:\/\/www.setgmbh.com\/?page_id=10"},"modified":"2025-01-31T16:02:35","modified_gmt":"2025-01-31T15:02:35","slug":"mechanische-montage","status":"publish","type":"page","link":"https:\/\/www.setgmbh.com\/en\/mechanische-montage\/","title":{"rendered":"Mechanical assembly"},"content":{"rendered":"<div data-elementor-type=\"wp-page\" data-elementor-id=\"10\" class=\"elementor elementor-10\" data-elementor-post-type=\"page\">\n\t\t\t\t\t\t<section class=\"elementor-section elementor-top-section elementor-element elementor-element-1076dbf elementor-section-boxed elementor-section-height-default elementor-section-height-default\" data-id=\"1076dbf\" data-element_type=\"section\">\n\t\t\t\t\t\t<div class=\"elementor-container elementor-column-gap-default\">\n\t\t\t\t\t<div class=\"elementor-column elementor-col-100 elementor-top-column elementor-element elementor-element-289e5e0\" data-id=\"289e5e0\" data-element_type=\"column\">\n\t\t\t<div class=\"elementor-widget-wrap elementor-element-populated\">\n\t\t\t\t\t\t<div class=\"elementor-element elementor-element-079c6c7 elementor-widget elementor-widget-text-editor\" data-id=\"079c6c7\" data-element_type=\"widget\" data-widget_type=\"text-editor.default\">\n\t\t\t\t<div class=\"elementor-widget-container\">\n\t\t\t\t\t\t\t\t\t<h1 class=\"align-center\">Mechanical assembly<\/h1><h2 class=\"align-center\">OUR SERVICES<\/h2><p style=\"margin: 0 auto;\">Our assembly team specializes in the assembly of a wide variety of machines, from small devices to heavy machines. This is done taking into account the individual needs of our customers, technical specifications and potential local peculiarities.<\/p><p style=\"margin: 0 auto;\"><br \/>We manage the entire process between delivery and commissioning of your machines.\u00a0<br \/><br \/><\/p><ul><li>Unloading of machines and equipment<\/li><li>Procurement of the necessary unloading and transport equipment, such as cranes and forklifts<\/li><li>Installation of the machines<\/li><li>Assembly at the final location, alignment and fine adjustment<\/li><li>Commissioning support<\/li><li>Disposal of packaging material<\/li><\/ul><p>If you wish to carry out the mechanical assembly or electrical installation by yourself, we will be happy to provide you with one of our trained and experienced supervisors who will support and advise you throughout the entire process, as well as coordinate procedures and operations.<\/p><p>We have been on the road for our customers worldwide since 2004 and take on the assembly of systems in the food and beverage industry, pharmaceutical industry, vehicle production, logistics and many more.\u00a0<\/p>\t\t\t\t\t\t\t\t<\/div>\n\t\t\t\t<\/div>\n\t\t\t\t<div class=\"elementor-element elementor-element-1844ac6 elementor-align-center elementor-widget elementor-widget-button\" data-id=\"1844ac6\" data-element_type=\"widget\" data-widget_type=\"button.default\">\n\t\t\t\t<div class=\"elementor-widget-container\">\n\t\t\t\t\t\t\t\t\t<div class=\"elementor-button-wrapper\">\n\t\t\t\t\t<a class=\"elementor-button elementor-button-link elementor-size-sm\" href=\"https:\/\/www.setgmbh.com\/en\/kontakt\/\">\n\t\t\t\t\t\t<span class=\"elementor-button-content-wrapper\">\n\t\t\t\t\t\t\t\t\t<span class=\"elementor-button-text\">Contact us<\/span>\n\t\t\t\t\t<\/span>\n\t\t\t\t\t<\/a>\n\t\t\t\t<\/div>\n\t\t\t\t\t\t\t\t<\/div>\n\t\t\t\t<\/div>\n\t\t\t\t\t<\/div>\n\t\t<\/div>\n\t\t\t\t\t<\/div>\n\t\t<\/section>\n\t\t\t\t<\/div>","protected":false},"excerpt":{"rendered":"<p>Mechanische Montage Unsere Leistungen Unser Montageteam ist spezialisiert auf die Montage der verschiedensten Maschinen, von Kleinger\u00e4ten bis hin zu schweren Maschinen. Dies erfolgt unter Ber\u00fccksichtigung individueller Bed\u00fcrfnisse unserer Kunden, technischer Vorgaben und potentieller \u00f6rtlicher Besonderheiten. Wir \u00fcbernehmen f\u00fcr Sie den gesamten Prozess zwischen Anlieferung und Inbetriebnahme Ihrer Maschinen.\u00a0 Entladen der Maschinen und Anlagen Beschaffung der [&hellip;]<\/p>","protected":false},"author":1,"featured_media":0,"parent":0,"menu_order":0,"comment_status":"closed","ping_status":"closed","template":"","meta":{"_acf_changed":false,"footnotes":""},"class_list":["post-10","page","type-page","status-publish","hentry"],"acf":[],"_links":{"self":[{"href":"https:\/\/www.setgmbh.com\/en\/wp-json\/wp\/v2\/pages\/10","targetHints":{"allow":["GET"]}}],"collection":[{"href":"https:\/\/www.setgmbh.com\/en\/wp-json\/wp\/v2\/pages"}],"about":[{"href":"https:\/\/www.setgmbh.com\/en\/wp-json\/wp\/v2\/types\/page"}],"author":[{"embeddable":true,"href":"https:\/\/www.setgmbh.com\/en\/wp-json\/wp\/v2\/users\/1"}],"replies":[{"embeddable":true,"href":"https:\/\/www.setgmbh.com\/en\/wp-json\/wp\/v2\/comments?post=10"}],"version-history":[{"count":5,"href":"https:\/\/www.setgmbh.com\/en\/wp-json\/wp\/v2\/pages\/10\/revisions"}],"predecessor-version":[{"id":452,"href":"https:\/\/www.setgmbh.com\/en\/wp-json\/wp\/v2\/pages\/10\/revisions\/452"}],"wp:attachment":[{"href":"https:\/\/www.setgmbh.com\/en\/wp-json\/wp\/v2\/media?parent=10"}],"curies":[{"name":"wp","href":"https:\/\/api.w.org\/{rel}","templated":true}]}}